{"id":18693,"date":"2024-10-03T13:13:36","date_gmt":"2024-10-03T16:13:36","guid":{"rendered":"https:\/\/mas10.ar\/10-blog\/"},"modified":"2024-10-03T13:13:36","modified_gmt":"2024-10-03T16:13:36","slug":"10-blog","status":"publish","type":"page","link":"https:\/\/mas10.ar\/en\/10-blog\/","title":{"rendered":"10 Blog"},"content":{"rendered":"<div class=\"gb-container gb-container-122aaa8c\">\n<section class=\"gb-container gb-container-730500e7\">\n<div class=\"gb-container gb-container-7564f9a8\">\n\n<h2 class=\"gb-headline gb-headline-df70203d gb-headline-text\"><strong>Blog &amp; News<\/strong><\/h2>\n\n\n\n<h4 class=\"gb-headline gb-headline-29f92863 gb-headline-text\"><strong>Welcome to<strong> ZONA10!<\/strong> The&nbsp;blog of amateur soccer!<\/strong><\/h4>\n\n<\/div>\n<\/section>\n<\/div>\n\n<div class=\"gb-container gb-container-2d8bcf7b\">\n<section class=\"gb-container gb-container-107394e8\">\n<div class=\"gb-container gb-container-c58c4663\">\n\n<h5 class=\"gb-headline gb-headline-18018cc2 gb-headline-text\"><strong>DISCOVER THE LATEST ARTICLES ON +10 AMATEUR TOURNAMENTS!<\/strong><\/h5>\n\n\n\n<h2 class=\"gb-headline gb-headline-70dccd81 gb-headline-text\"><strong><strong>Feel the Passion for Amateur FootballSent\u00ed la Pasi\u00f3n por el F\u00fatbol Amateur<\/strong><\/strong><\/h2>\n\n<\/div>\n\n<div class=\"gb-container gb-container-6abe516b\">\n\n<h5 class=\"gb-headline gb-headline-b8aa6bd1 gb-headline-text\">Dive into the &#8220;soccer world&#8221; with our <strong>+10 Blog!<\/strong>&nbsp;<\/h5>\n\n\n\n<h5 class=\"gb-headline gb-headline-4ddda05a gb-headline-text\">Stay up to date with our professional news and all the information about soccer and amateur soccer tournaments. Additionally, we provide tips and useful information to take your performance on the field to the next level.<\/h5>\n\n<\/div>\n<\/section>\n<\/div>\n\n<div class=\"gb-container gb-container-3da79a11 alignfull\">\n\n<h3 class=\"gb-headline gb-headline-c7aab4c1 gb-headline-text\">+10 OFFICIAL: all institutional info in one place<\/h3>\n\n\n\n<div class=\"gb-grid-wrapper gb-grid-wrapper-c0a7e422 gb-query-loop-wrapper\"><\/div>\n\n<div class=\"gb-container gb-container-910cb226 gb-query-loop-pagination\">\n\n<a class=\"gb-button gb-button-8261afae gb-button-text\" href=\"https:\/\/mas10.ar\/+10-oficial\/\">See all<\/a>\n\n<\/div>\n\n<\/div>\n\n<div class=\"gb-container gb-container-9d5f7e6e alignfull\">\n\n<h3 class=\"gb-headline gb-headline-a74c3984 gb-headline-text\">ZONA10 News: all soccer news and updates<\/h3>\n\n\n\n<div class=\"gb-grid-wrapper gb-grid-wrapper-1cb726b4 gb-query-loop-wrapper\"><\/div>\n\n<div class=\"gb-container gb-container-8ede54a4 gb-query-loop-pagination\">\n\n<a class=\"gb-button gb-button-17d04721 gb-button-text\" href=\"https:\/\/mas10.ar\/zona10-news\/\">See all<\/a>\n\n<\/div>\n\n<\/div>\n\n<div class=\"gb-container gb-container-aee4b7bf alignfull\">\n\n<h3 class=\"gb-headline gb-headline-63a3a710 gb-headline-text\">ZONA10 BLOGS: general information about the &#8220;soccer world&#8221;<\/h3>\n\n\n\n<div class=\"gb-grid-wrapper gb-grid-wrapper-ae24d281 gb-query-loop-wrapper\"><\/div>\n\n<div class=\"gb-container gb-container-14237bae gb-query-loop-pagination\">\n\n<a class=\"gb-button gb-button-60c2fb5c gb-button-text\" href=\"https:\/\/mas10.ar\/zona10-blogs\/\">See all<\/a>\n\n<\/div>\n\n<\/div>\n\n<div class=\"gb-container gb-container-c9ddc345\">\n<div class=\"gb-container gb-container-d736e510\">\n<form role=\"search\" method=\"get\" action=\"https:\/\/mas10.ar\/en\/\" class=\"wp-block-search__button-outside wp-block-search__text-button wp-block-search\"    ><label class=\"wp-block-search__label\" for=\"wp-block-search__input-1\" >Buscar<\/label><div class=\"wp-block-search__inside-wrapper \" ><input class=\"wp-block-search__input\" id=\"wp-block-search__input-1\" placeholder=\"\" value=\"\" type=\"search\" name=\"s\" required \/><button aria-label=\"Buscar\" class=\"wp-block-search__button wp-element-button\" type=\"submit\" >Buscar<\/button><\/div><\/form>\n<\/div>\n<\/div>","protected":false},"excerpt":{"rendered":"<p>Blog &amp; News Welcome to ZONA10! The&nbsp;blog of amateur soccer! DISCOVER THE LATEST ARTICLES ON +10 AMATEUR TOURNAMENTS! Feel the Passion for Amateur FootballSent\u00ed la Pasi\u00f3n por el F\u00fatbol Amateur Dive into the &#8220;soccer world&#8221; with our +10 Blog!&nbsp; Stay up to date with our professional news and all the information about soccer and amateur &#8230; <a title=\"10 Blog\" class=\"read-more\" href=\"https:\/\/mas10.ar\/en\/10-blog\/\" aria-label=\"Read more about 10 Blog\">Read more<\/a><\/p>\n","protected":false},"author":11,"featured_media":0,"parent":0,"menu_order":0,"comment_status":"closed","ping_status":"closed","template":"","meta":{"order-bump-settings":[],"_wpfnl_thankyou_order_overview":"on","_wpfnl_thankyou_order_details":"on","_wpfnl_thankyou_billing_details":"on","_wpfnl_thankyou_shipping_details":"on","footnotes":""},"class_list":["post-18693","page","type-page","status-publish"],"yoast_head":"<!-- This site is optimized with the Yoast SEO plugin v23.9 - https:\/\/yoast.com\/wordpress\/plugins\/seo\/ -->\n<title>10 Blog - +10<\/title>\n<meta name=\"robots\" content=\"index, follow, max-snippet:-1, max-image-preview:large, max-video-preview:-1\" \/>\n<link rel=\"canonical\" href=\"https:\/\/mas10.ar\/en\/10-blog\/\" \/>\n<meta property=\"og:locale\" content=\"en_US\" \/>\n<meta property=\"og:type\" content=\"article\" \/>\n<meta property=\"og:title\" content=\"10 Blog - +10\" \/>\n<meta property=\"og:description\" content=\"Blog &amp; News Welcome to ZONA10! The&nbsp;blog of amateur soccer! DISCOVER THE LATEST ARTICLES ON +10 AMATEUR TOURNAMENTS! Feel the Passion for Amateur FootballSent\u00ed la Pasi\u00f3n por el F\u00fatbol Amateur Dive into the &#8220;soccer world&#8221; with our +10 Blog!&nbsp; Stay up to date with our professional news and all the information about soccer and amateur ... Read more\" \/>\n<meta property=\"og:url\" content=\"https:\/\/mas10.ar\/en\/10-blog\/\" \/>\n<meta property=\"og:site_name\" content=\"+10\" \/>\n<meta name=\"twitter:card\" content=\"summary_large_image\" \/>\n<meta name=\"twitter:label1\" content=\"Est. reading time\" \/>\n\t<meta name=\"twitter:data1\" content=\"1 minute\" \/>\n<script type=\"application\/ld+json\" class=\"yoast-schema-graph\">{\"@context\":\"https:\/\/schema.org\",\"@graph\":[{\"@type\":\"WebPage\",\"@id\":\"https:\/\/mas10.ar\/en\/10-blog\/\",\"url\":\"https:\/\/mas10.ar\/en\/10-blog\/\",\"name\":\"10 Blog - +10\",\"isPartOf\":{\"@id\":\"https:\/\/mas10.ar\/#website\"},\"datePublished\":\"2024-10-03T16:13:36+00:00\",\"dateModified\":\"2024-10-03T16:13:36+00:00\",\"breadcrumb\":{\"@id\":\"https:\/\/mas10.ar\/en\/10-blog\/#breadcrumb\"},\"inLanguage\":\"en-US\",\"potentialAction\":[{\"@type\":\"ReadAction\",\"target\":[\"https:\/\/mas10.ar\/en\/10-blog\/\"]}]},{\"@type\":\"BreadcrumbList\",\"@id\":\"https:\/\/mas10.ar\/en\/10-blog\/#breadcrumb\",\"itemListElement\":[{\"@type\":\"ListItem\",\"position\":1,\"name\":\"Home\",\"item\":\"https:\/\/mas10.ar\/en\/\"},{\"@type\":\"ListItem\",\"position\":2,\"name\":\"10 Blog\"}]},{\"@type\":\"WebSite\",\"@id\":\"https:\/\/mas10.ar\/#website\",\"url\":\"https:\/\/mas10.ar\/\",\"name\":\"+10\",\"description\":\"La Comunidad m\u00e1s Grande de F\u00fatbol\",\"publisher\":{\"@id\":\"https:\/\/mas10.ar\/#organization\"},\"potentialAction\":[{\"@type\":\"SearchAction\",\"target\":{\"@type\":\"EntryPoint\",\"urlTemplate\":\"https:\/\/mas10.ar\/?s={search_term_string}\"},\"query-input\":{\"@type\":\"PropertyValueSpecification\",\"valueRequired\":true,\"valueName\":\"search_term_string\"}}],\"inLanguage\":\"en-US\"},{\"@type\":\"Organization\",\"@id\":\"https:\/\/mas10.ar\/#organization\",\"name\":\"+10\",\"url\":\"https:\/\/mas10.ar\/\",\"logo\":{\"@type\":\"ImageObject\",\"inLanguage\":\"en-US\",\"@id\":\"https:\/\/mas10.ar\/#\/schema\/logo\/image\/\",\"url\":\"http:\/\/mas10.ar\/wp-content\/uploads\/2023\/05\/cropped-logo-pagina.png\",\"contentUrl\":\"http:\/\/mas10.ar\/wp-content\/uploads\/2023\/05\/cropped-logo-pagina.png\",\"width\":512,\"height\":512,\"caption\":\"+10\"},\"image\":{\"@id\":\"https:\/\/mas10.ar\/#\/schema\/logo\/image\/\"}}]}<\/script>\n<!-- \/ Yoast SEO plugin. -->","yoast_head_json":{"title":"10 Blog - +10","robots":{"index":"index","follow":"follow","max-snippet":"max-snippet:-1","max-image-preview":"max-image-preview:large","max-video-preview":"max-video-preview:-1"},"canonical":"https:\/\/mas10.ar\/en\/10-blog\/","og_locale":"en_US","og_type":"article","og_title":"10 Blog - +10","og_description":"Blog &amp; News Welcome to ZONA10! The&nbsp;blog of amateur soccer! DISCOVER THE LATEST ARTICLES ON +10 AMATEUR TOURNAMENTS! Feel the Passion for Amateur FootballSent\u00ed la Pasi\u00f3n por el F\u00fatbol Amateur Dive into the &#8220;soccer world&#8221; with our +10 Blog!&nbsp; Stay up to date with our professional news and all the information about soccer and amateur ... Read more","og_url":"https:\/\/mas10.ar\/en\/10-blog\/","og_site_name":"+10","twitter_card":"summary_large_image","twitter_misc":{"Est. reading time":"1 minute"},"schema":{"@context":"https:\/\/schema.org","@graph":[{"@type":"WebPage","@id":"https:\/\/mas10.ar\/en\/10-blog\/","url":"https:\/\/mas10.ar\/en\/10-blog\/","name":"10 Blog - +10","isPartOf":{"@id":"https:\/\/mas10.ar\/#website"},"datePublished":"2024-10-03T16:13:36+00:00","dateModified":"2024-10-03T16:13:36+00:00","breadcrumb":{"@id":"https:\/\/mas10.ar\/en\/10-blog\/#breadcrumb"},"inLanguage":"en-US","potentialAction":[{"@type":"ReadAction","target":["https:\/\/mas10.ar\/en\/10-blog\/"]}]},{"@type":"BreadcrumbList","@id":"https:\/\/mas10.ar\/en\/10-blog\/#breadcrumb","itemListElement":[{"@type":"ListItem","position":1,"name":"Home","item":"https:\/\/mas10.ar\/en\/"},{"@type":"ListItem","position":2,"name":"10 Blog"}]},{"@type":"WebSite","@id":"https:\/\/mas10.ar\/#website","url":"https:\/\/mas10.ar\/","name":"+10","description":"La Comunidad m\u00e1s Grande de F\u00fatbol","publisher":{"@id":"https:\/\/mas10.ar\/#organization"},"potentialAction":[{"@type":"SearchAction","target":{"@type":"EntryPoint","urlTemplate":"https:\/\/mas10.ar\/?s={search_term_string}"},"query-input":{"@type":"PropertyValueSpecification","valueRequired":true,"valueName":"search_term_string"}}],"inLanguage":"en-US"},{"@type":"Organization","@id":"https:\/\/mas10.ar\/#organization","name":"+10","url":"https:\/\/mas10.ar\/","logo":{"@type":"ImageObject","inLanguage":"en-US","@id":"https:\/\/mas10.ar\/#\/schema\/logo\/image\/","url":"http:\/\/mas10.ar\/wp-content\/uploads\/2023\/05\/cropped-logo-pagina.png","contentUrl":"http:\/\/mas10.ar\/wp-content\/uploads\/2023\/05\/cropped-logo-pagina.png","width":512,"height":512,"caption":"+10"},"image":{"@id":"https:\/\/mas10.ar\/#\/schema\/logo\/image\/"}}]}},"_links":{"self":[{"href":"https:\/\/mas10.ar\/en\/wp-json\/wp\/v2\/pages\/18693"}],"collection":[{"href":"https:\/\/mas10.ar\/en\/wp-json\/wp\/v2\/pages"}],"about":[{"href":"https:\/\/mas10.ar\/en\/wp-json\/wp\/v2\/types\/page"}],"author":[{"embeddable":true,"href":"https:\/\/mas10.ar\/en\/wp-json\/wp\/v2\/users\/11"}],"replies":[{"embeddable":true,"href":"https:\/\/mas10.ar\/en\/wp-json\/wp\/v2\/comments?post=18693"}],"version-history":[{"count":0,"href":"https:\/\/mas10.ar\/en\/wp-json\/wp\/v2\/pages\/18693\/revisions"}],"wp:attachment":[{"href":"https:\/\/mas10.ar\/en\/wp-json\/wp\/v2\/media?parent=18693"}],"curies":[{"name":"wp","href":"https:\/\/api.w.org\/{rel}","templated":true}]}}